{"id":17,"date":"2023-11-21T08:37:54","date_gmt":"2023-11-21T07:37:54","guid":{"rendered":"https:\/\/markusw.datanom.fi\/stader\/?page_id=17"},"modified":"2023-11-21T09:00:08","modified_gmt":"2023-11-21T08:00:08","slug":"oslo","status":"publish","type":"page","link":"https:\/\/markusw.datanom.fi\/stader\/oslo\/","title":{"rendered":"Oslo"},"content":{"rendered":"\n<p>Fakta om Oslo<\/p>\n\n\n\n<p>Oslo, fr\u00e5n 1624 till 1925 Kristiania (\u00e4ldre stavning Christiania), \u00e4r Norges huvudstad och administrativt \u00e4r Oslo by ett eget fylke, &#8221;byfylke&#8221;, med cirka 611 000 inv\u00e5nare. T\u00e4torten Oslo omfattar den sammanh\u00e4ngande bebyggelsen i och runt staden och har strax \u00f6ver 900 000 inv\u00e5nare, medan hela storstadsomr\u00e5det har cirka 1,2 miljoner. Stadens r\u00f6tter kan sp\u00e5ras tillbaka till tiden runt \u00e5r 1000 och den blev huvudstad 1299. Efter en tredagars brand 1624 blev staden flyttad ett litet stycke v\u00e4sterut och nyanlagd under namnet Christiania, medan det ursprungliga Oslo beh\u00f6ll sitt namn som ett omr\u00e5de utanf\u00f6r staden. I och med utvidgningen av staden 1859 blev f\u00f6rstaden Oslo inf\u00f6rlivad i Christiania, som fr\u00e5n 1925 ocks\u00e5 ben\u00e4mns Oslo.<\/p>\n","protected":false},"excerpt":{"rendered":"<p>Fakta om Oslo Oslo, fr\u00e5n 1624 till 1925 Kristiania (\u00e4ldre stavning Christiania), \u00e4r Norges huvudstad och administrativt \u00e4r Oslo by ett eget fylke, &#8221;byfylke&#8221;, med cirka 611 000 inv\u00e5nare. T\u00e4torten Oslo omfattar den sammanh\u00e4ngande bebyggelsen i och runt staden och har strax \u00f6ver 900 000 inv\u00e5nare, medan hela storstadsomr\u00e5det har [&hellip;]<\/p>\n","protected":false},"author":1,"featured_media":29,"parent":0,"menu_order":0,"comment_status":"closed","ping_status":"closed","template":"","meta":{"footnotes":""},"class_list":["post-17","page","type-page","status-publish","has-post-thumbnail","hentry"],"yoast_head":"<!-- This site is optimized with the Yoast SEO plugin v21.5 - https:\/\/yoast.com\/wordpress\/plugins\/seo\/ -->\n<title>Oslo - Nordens huvudst\u00e4der<\/title>\n<meta name=\"robots\" content=\"index, follow, max-snippet:-1, max-image-preview:large, max-video-preview:-1\" \/>\n<link rel=\"canonical\" href=\"http:\/\/markusw.datanom.fi\/stader\/oslo\/\" \/>\n<meta property=\"og:locale\" content=\"sv_SE\" \/>\n<meta property=\"og:type\" content=\"article\" \/>\n<meta property=\"og:title\" content=\"Oslo - Nordens huvudst\u00e4der\" \/>\n<meta property=\"og:description\" content=\"Fakta om Oslo Oslo, fr\u00e5n 1624 till 1925 Kristiania (\u00e4ldre stavning Christiania), \u00e4r Norges huvudstad och administrativt \u00e4r Oslo by ett eget fylke, &#8221;byfylke&#8221;, med cirka 611 000 inv\u00e5nare. T\u00e4torten Oslo omfattar den sammanh\u00e4ngande bebyggelsen i och runt staden och har strax \u00f6ver 900 000 inv\u00e5nare, medan hela storstadsomr\u00e5det har [&hellip;]\" \/>\n<meta property=\"og:url\" content=\"http:\/\/markusw.datanom.fi\/stader\/oslo\/\" \/>\n<meta property=\"og:site_name\" content=\"Nordens huvudst\u00e4der\" \/>\n<meta property=\"article:modified_time\" content=\"2023-11-21T08:00:08+00:00\" \/>\n<meta property=\"og:image\" content=\"http:\/\/markusw.datanom.fi\/stader\/wp-content\/uploads\/2023\/11\/oslo-scaled.jpg\" \/>\n\t<meta property=\"og:image:width\" content=\"2560\" \/>\n\t<meta property=\"og:image:height\" content=\"1383\" \/>\n\t<meta property=\"og:image:type\" content=\"image\/jpeg\" \/>\n<meta name=\"twitter:card\" content=\"summary_large_image\" \/>\n<meta name=\"twitter:label1\" content=\"Ber\u00e4knad l\u00e4stid\" \/>\n\t<meta name=\"twitter:data1\" content=\"1 minut\" \/>\n<script type=\"application\/ld+json\" class=\"yoast-schema-graph\">{\"@context\":\"https:\/\/schema.org\",\"@graph\":[{\"@type\":\"WebPage\",\"@id\":\"http:\/\/markusw.datanom.fi\/stader\/oslo\/\",\"url\":\"http:\/\/markusw.datanom.fi\/stader\/oslo\/\",\"name\":\"Oslo - Nordens huvudst\u00e4der\",\"isPartOf\":{\"@id\":\"http:\/\/markusw.datanom.fi\/stader\/#website\"},\"datePublished\":\"2023-11-21T07:37:54+00:00\",\"dateModified\":\"2023-11-21T08:00:08+00:00\",\"breadcrumb\":{\"@id\":\"http:\/\/markusw.datanom.fi\/stader\/oslo\/#breadcrumb\"},\"inLanguage\":\"sv-SE\",\"potentialAction\":[{\"@type\":\"ReadAction\",\"target\":[\"http:\/\/markusw.datanom.fi\/stader\/oslo\/\"]}]},{\"@type\":\"BreadcrumbList\",\"@id\":\"http:\/\/markusw.datanom.fi\/stader\/oslo\/#breadcrumb\",\"itemListElement\":[{\"@type\":\"ListItem\",\"position\":1,\"name\":\"Hem\",\"item\":\"http:\/\/markusw.datanom.fi\/stader\/\"},{\"@type\":\"ListItem\",\"position\":2,\"name\":\"Oslo\"}]},{\"@type\":\"WebSite\",\"@id\":\"http:\/\/markusw.datanom.fi\/stader\/#website\",\"url\":\"http:\/\/markusw.datanom.fi\/stader\/\",\"name\":\"Nordens huvudst\u00e4der\",\"description\":\"\",\"publisher\":{\"@id\":\"http:\/\/markusw.datanom.fi\/stader\/#organization\"},\"potentialAction\":[{\"@type\":\"SearchAction\",\"target\":{\"@type\":\"EntryPoint\",\"urlTemplate\":\"http:\/\/markusw.datanom.fi\/stader\/?s={search_term_string}\"},\"query-input\":\"required name=search_term_string\"}],\"inLanguage\":\"sv-SE\"},{\"@type\":\"Organization\",\"@id\":\"http:\/\/markusw.datanom.fi\/stader\/#organization\",\"name\":\"Nordens huvudst\u00e4der\",\"url\":\"http:\/\/markusw.datanom.fi\/stader\/\",\"logo\":{\"@type\":\"ImageObject\",\"inLanguage\":\"sv-SE\",\"@id\":\"http:\/\/markusw.datanom.fi\/stader\/#\/schema\/logo\/image\/\",\"url\":\"https:\/\/markusw.datanom.fi\/stader\/wp-content\/uploads\/2023\/11\/helsingfors_vapen.png\",\"contentUrl\":\"https:\/\/markusw.datanom.fi\/stader\/wp-content\/uploads\/2023\/11\/helsingfors_vapen.png\",\"width\":90,\"height\":104,\"caption\":\"Nordens huvudst\u00e4der\"},\"image\":{\"@id\":\"http:\/\/markusw.datanom.fi\/stader\/#\/schema\/logo\/image\/\"}}]}<\/script>\n<!-- \/ Yoast SEO plugin. -->","yoast_head_json":{"title":"Oslo - Nordens huvudst\u00e4der","robots":{"index":"index","follow":"follow","max-snippet":"max-snippet:-1","max-image-preview":"max-image-preview:large","max-video-preview":"max-video-preview:-1"},"canonical":"http:\/\/markusw.datanom.fi\/stader\/oslo\/","og_locale":"sv_SE","og_type":"article","og_title":"Oslo - Nordens huvudst\u00e4der","og_description":"Fakta om Oslo Oslo, fr\u00e5n 1624 till 1925 Kristiania (\u00e4ldre stavning Christiania), \u00e4r Norges huvudstad och administrativt \u00e4r Oslo by ett eget fylke, &#8221;byfylke&#8221;, med cirka 611 000 inv\u00e5nare. T\u00e4torten Oslo omfattar den sammanh\u00e4ngande bebyggelsen i och runt staden och har strax \u00f6ver 900 000 inv\u00e5nare, medan hela storstadsomr\u00e5det har [&hellip;]","og_url":"http:\/\/markusw.datanom.fi\/stader\/oslo\/","og_site_name":"Nordens huvudst\u00e4der","article_modified_time":"2023-11-21T08:00:08+00:00","og_image":[{"width":2560,"height":1383,"url":"http:\/\/markusw.datanom.fi\/stader\/wp-content\/uploads\/2023\/11\/oslo-scaled.jpg","type":"image\/jpeg"}],"twitter_card":"summary_large_image","twitter_misc":{"Ber\u00e4knad l\u00e4stid":"1 minut"},"schema":{"@context":"https:\/\/schema.org","@graph":[{"@type":"WebPage","@id":"http:\/\/markusw.datanom.fi\/stader\/oslo\/","url":"http:\/\/markusw.datanom.fi\/stader\/oslo\/","name":"Oslo - Nordens huvudst\u00e4der","isPartOf":{"@id":"http:\/\/markusw.datanom.fi\/stader\/#website"},"datePublished":"2023-11-21T07:37:54+00:00","dateModified":"2023-11-21T08:00:08+00:00","breadcrumb":{"@id":"http:\/\/markusw.datanom.fi\/stader\/oslo\/#breadcrumb"},"inLanguage":"sv-SE","potentialAction":[{"@type":"ReadAction","target":["http:\/\/markusw.datanom.fi\/stader\/oslo\/"]}]},{"@type":"BreadcrumbList","@id":"http:\/\/markusw.datanom.fi\/stader\/oslo\/#breadcrumb","itemListElement":[{"@type":"ListItem","position":1,"name":"Hem","item":"http:\/\/markusw.datanom.fi\/stader\/"},{"@type":"ListItem","position":2,"name":"Oslo"}]},{"@type":"WebSite","@id":"http:\/\/markusw.datanom.fi\/stader\/#website","url":"http:\/\/markusw.datanom.fi\/stader\/","name":"Nordens huvudst\u00e4der","description":"","publisher":{"@id":"http:\/\/markusw.datanom.fi\/stader\/#organization"},"potentialAction":[{"@type":"SearchAction","target":{"@type":"EntryPoint","urlTemplate":"http:\/\/markusw.datanom.fi\/stader\/?s={search_term_string}"},"query-input":"required name=search_term_string"}],"inLanguage":"sv-SE"},{"@type":"Organization","@id":"http:\/\/markusw.datanom.fi\/stader\/#organization","name":"Nordens huvudst\u00e4der","url":"http:\/\/markusw.datanom.fi\/stader\/","logo":{"@type":"ImageObject","inLanguage":"sv-SE","@id":"http:\/\/markusw.datanom.fi\/stader\/#\/schema\/logo\/image\/","url":"https:\/\/markusw.datanom.fi\/stader\/wp-content\/uploads\/2023\/11\/helsingfors_vapen.png","contentUrl":"https:\/\/markusw.datanom.fi\/stader\/wp-content\/uploads\/2023\/11\/helsingfors_vapen.png","width":90,"height":104,"caption":"Nordens huvudst\u00e4der"},"image":{"@id":"http:\/\/markusw.datanom.fi\/stader\/#\/schema\/logo\/image\/"}}]}},"_links":{"self":[{"href":"https:\/\/markusw.datanom.fi\/stader\/wp-json\/wp\/v2\/pages\/17","targetHints":{"allow":["GET"]}}],"collection":[{"href":"https:\/\/markusw.datanom.fi\/stader\/wp-json\/wp\/v2\/pages"}],"about":[{"href":"https:\/\/markusw.datanom.fi\/stader\/wp-json\/wp\/v2\/types\/page"}],"author":[{"embeddable":true,"href":"https:\/\/markusw.datanom.fi\/stader\/wp-json\/wp\/v2\/users\/1"}],"replies":[{"embeddable":true,"href":"https:\/\/markusw.datanom.fi\/stader\/wp-json\/wp\/v2\/comments?post=17"}],"version-history":[{"count":1,"href":"https:\/\/markusw.datanom.fi\/stader\/wp-json\/wp\/v2\/pages\/17\/revisions"}],"predecessor-version":[{"id":18,"href":"https:\/\/markusw.datanom.fi\/stader\/wp-json\/wp\/v2\/pages\/17\/revisions\/18"}],"wp:featuredmedia":[{"embeddable":true,"href":"https:\/\/markusw.datanom.fi\/stader\/wp-json\/wp\/v2\/media\/29"}],"wp:attachment":[{"href":"https:\/\/markusw.datanom.fi\/stader\/wp-json\/wp\/v2\/media?parent=17"}],"curies":[{"name":"wp","href":"https:\/\/api.w.org\/{rel}","templated":true}]}}